{"id":535,"date":"2024-04-09T21:53:15","date_gmt":"2024-04-09T19:53:15","guid":{"rendered":"https:\/\/frmgalesens.fr\/?page_id=535"},"modified":"2024-04-11T22:46:13","modified_gmt":"2024-04-11T20:46:13","slug":"frmgalesens-expertise","status":"publish","type":"page","link":"https:\/\/frmgalesens.fr\/?page_id=535","title":{"rendered":"Bo\u00eete \u00e0 toucher\u00a9"},"content":{"rendered":"\n<div class=\"wp-block-columns is-layout-flex wp-container-core-columns-is-layout-9d6595d7 wp-block-columns-is-layout-flex\">\n<div class=\"wp-block-column is-layout-flow wp-block-column-is-layout-flow\">\n<figure class=\"wp-block-image size-full\"><img loading=\"lazy\" decoding=\"async\" width=\"550\" height=\"825\" src=\"https:\/\/frmgalesens.fr\/wp-content\/uploads\/2024\/04\/boite-23-mars-2024-FOND-NOIR-DENIS4176.jpg\" alt=\"\" class=\"wp-image-537\" srcset=\"https:\/\/frmgalesens.fr\/wp-content\/uploads\/2024\/04\/boite-23-mars-2024-FOND-NOIR-DENIS4176.jpg 550w, https:\/\/frmgalesens.fr\/wp-content\/uploads\/2024\/04\/boite-23-mars-2024-FOND-NOIR-DENIS4176-200x300.jpg 200w\" sizes=\"auto, (max-width: 550px) 100vw, 550px\" \/><\/figure>\n<\/div>\n\n\n\n<div class=\"wp-block-column is-layout-flow wp-block-column-is-layout-flow\">\n<p>Le d\u00e9veloppement de produits cosm\u00e9tiques et pharmaceutiques r\u00e9pondant aux attentes sensorielles des consommateurs et des patients constitue un domaine d&rsquo;int\u00e9r\u00eat et d&rsquo;expertise primordial pour FRMGaleSens\u00ae. Depuis 2022, notre engagement est de soutenir l&rsquo;innovation sensorielle dans l&rsquo;industrie cosm\u00e9tique et pharmaceutique.<\/p>\n\n\n\n<p>En 2024, nous offrons \u00e0 nos clients lors de nos s\u00e9ances de conseil un outil unique : la Bo\u00eete \u00e0 Toucher\u00a9. Compos\u00e9e d&rsquo;ingr\u00e9dients et de tissus soigneusement s\u00e9lectionn\u00e9s, cette bo\u00eete est bien plus qu&rsquo;un simple objet. Elle incarne notre volont\u00e9 de promouvoir l&rsquo;exploration sensorielle et de faciliter le d\u00e9veloppement de vos produits.<\/p>\n\n\n\n<ul class=\"wp-block-list\">\n<li>D\u00e9coder le langage de vos consommateurs<\/li>\n\n\n\n<li>Optimiser votre cahier des charges<\/li>\n\n\n\n<li>Faciliter les \u00e9changes entre vos \u00e9quipes<\/li>\n\n\n\n<li>D\u00e9velopper votre propre r\u00e9f\u00e9rentiel<\/li>\n\n\n\n<li>Communiquer sur vos produits<\/li>\n<\/ul>\n<\/div>\n<\/div>\n\n\n\n<hr class=\"wp-block-separator has-alpha-channel-opacity is-style-wide\"\/>\n\n\n\n<p><em>Discover the Boite \u00e0 Toucher\u00a9 (Touch box) by FRMGaleSens\u00ae: Since 2022, our commitment has been to support sensory innovation in the cosmetic and pharmaceutical industry. In 2024, during our consulting sessions, we offer our clients a unique tool: the Boite \u00e0 Toucher \u00a9. Carefully composed of selected ingredients and fabrics, this box is much more than a simple object. It embodies our desire to promote sensory exploration and facilitate the development of your products.<\/em><\/p>\n\n\n\n<ul class=\"wp-block-list\">\n<li><em>Decode your consumers&rsquo; language<\/em><\/li>\n\n\n\n<li><em>Optimize your specifications<\/em><\/li>\n\n\n\n<li><em>Facilitate exchanges between your teams<\/em><\/li>\n\n\n\n<li><em>Develop your own reference framework<\/em><\/li>\n\n\n\n<li><em>Communicate about your products<\/em><\/li>\n<\/ul>\n","protected":false},"excerpt":{"rendered":"<p>Le d\u00e9veloppement de produits cosm\u00e9tiques et pharmaceutiques r\u00e9pondant aux attentes sensorielles des consommateurs et des patients constitue un domaine d&rsquo;int\u00e9r\u00eat et d&rsquo;expertise primordial pour FRMGaleSens\u00ae. Depuis 2022, notre engagement est de soutenir l&rsquo;innovation sensorielle dans l&rsquo;industrie cosm\u00e9tique et pharmaceutique. En 2024, nous offrons \u00e0 nos clients lors de nos s\u00e9ances de conseil un outil unique &hellip; <\/p>\n<p class=\"link-more\"><a href=\"https:\/\/frmgalesens.fr\/?page_id=535\" class=\"more-link\">Continuer la lecture<span class=\"screen-reader-text\"> de &laquo;&nbsp;Bo\u00eete \u00e0 toucher\u00a9&nbsp;&raquo;<\/span><\/a><\/p>\n","protected":false},"author":1,"featured_media":0,"parent":0,"menu_order":0,"comment_status":"closed","ping_status":"closed","template":"","meta":{"footnotes":""},"class_list":["post-535","page","type-page","status-publish","hentry"],"_links":{"self":[{"href":"https:\/\/frmgalesens.fr\/index.php?rest_route=\/wp\/v2\/pages\/535","targetHints":{"allow":["GET"]}}],"collection":[{"href":"https:\/\/frmgalesens.fr\/index.php?rest_route=\/wp\/v2\/pages"}],"about":[{"href":"https:\/\/frmgalesens.fr\/index.php?rest_route=\/wp\/v2\/types\/page"}],"author":[{"embeddable":true,"href":"https:\/\/frmgalesens.fr\/index.php?rest_route=\/wp\/v2\/users\/1"}],"replies":[{"embeddable":true,"href":"https:\/\/frmgalesens.fr\/index.php?rest_route=%2Fwp%2Fv2%2Fcomments&post=535"}],"version-history":[{"count":8,"href":"https:\/\/frmgalesens.fr\/index.php?rest_route=\/wp\/v2\/pages\/535\/revisions"}],"predecessor-version":[{"id":580,"href":"https:\/\/frmgalesens.fr\/index.php?rest_route=\/wp\/v2\/pages\/535\/revisions\/580"}],"wp:attachment":[{"href":"https:\/\/frmgalesens.fr\/index.php?rest_route=%2Fwp%2Fv2%2Fmedia&parent=535"}],"curies":[{"name":"wp","href":"https:\/\/api.w.org\/{rel}","templated":true}]}}